{"id":87,"date":"2023-09-06T18:00:44","date_gmt":"2023-09-06T16:00:44","guid":{"rendered":"https:\/\/stowarzyszeniedoliny.com\/?page_id=87"},"modified":"2026-03-23T13:23:10","modified_gmt":"2026-03-23T12:23:10","slug":"aktualnosci","status":"publish","type":"page","link":"https:\/\/stowarzyszeniedoliny.com\/index.php\/stowarzyszenie-doliny\/aktualnosci\/","title":{"rendered":"Aktualnosci"},"content":{"rendered":"\t\t<div data-elementor-type=\"wp-page\" data-elementor-id=\"87\" class=\"elementor elementor-87\">\n\t\t\t\t\t\t<section class=\"elementor-section elementor-top-section elementor-element elementor-element-4356a81b elementor-section-boxed elementor-section-height-default elementor-section-height-default\" data-id=\"4356a81b\" data-element_type=\"section\" data-e-type=\"section\">\n\t\t\t\t\t\t<div class=\"elementor-container elementor-column-gap-default\">\n\t\t\t\t\t<div class=\"elementor-column elementor-col-100 elementor-top-column elementor-element elementor-element-54de71d2\" data-id=\"54de71d2\" data-element_type=\"column\" data-e-type=\"column\">\n\t\t\t<div class=\"elementor-widget-wrap elementor-element-populated\">\n\t\t\t\t\t\t<div class=\"elementor-element elementor-element-9d050b0 elementor-widget elementor-widget-text-editor\" data-id=\"9d050b0\" data-element_type=\"widget\" data-e-type=\"widget\" data-widget_type=\"text-editor.default\">\n\t\t\t\t<div class=\"elementor-widget-container\">\n\t\t\t\t\t\t\t\t\t<p><\/p>\n<h3 id=\"Petycja\">Nasze nowe wydarzenie,\u00a0 panel &#8220;co robi\u0105 bobry w Dolinie Wis\u0142oki&#8221;\u00a0 zapraszamy<\/h3>\n<p><\/p>\t\t\t\t\t\t\t\t<\/div>\n\t\t\t\t<\/div>\n\t\t\t\t\t<\/div>\n\t\t<\/div>\n\t\t\t\t\t<\/div>\n\t\t<\/section>\n\t\t\t\t<section class=\"elementor-section elementor-top-section elementor-element elementor-element-bc1a695 elementor-section-boxed elementor-section-height-default elementor-section-height-default\" data-id=\"bc1a695\" data-element_type=\"section\" data-e-type=\"section\">\n\t\t\t\t\t\t<div class=\"elementor-container elementor-column-gap-default\">\n\t\t\t\t\t<div class=\"elementor-column elementor-col-100 elementor-top-column elementor-element elementor-element-d6a2e2d\" data-id=\"d6a2e2d\" data-element_type=\"column\" data-e-type=\"column\">\n\t\t\t<div class=\"elementor-widget-wrap elementor-element-populated\">\n\t\t\t\t\t\t<div class=\"elementor-element elementor-element-cda3157 elementor-widget elementor-widget-image\" data-id=\"cda3157\" data-element_type=\"widget\" data-e-type=\"widget\" data-widget_type=\"image.default\">\n\t\t\t\t<div class=\"elementor-widget-container\">\n\t\t\t\t\t\t\t\t\t\t\t\t\t\t\t<img fetchpriority=\"high\" decoding=\"async\" width=\"724\" height=\"1024\" src=\"https:\/\/stowarzyszeniedoliny.com\/wp-content\/uploads\/2024\/02\/IMG-20240208-WA0000-724x1024.jpg\" class=\"attachment-large size-large wp-image-319\" alt=\"\" srcset=\"https:\/\/stowarzyszeniedoliny.com\/wp-content\/uploads\/2024\/02\/IMG-20240208-WA0000-724x1024.jpg 724w, https:\/\/stowarzyszeniedoliny.com\/wp-content\/uploads\/2024\/02\/IMG-20240208-WA0000-212x300.jpg 212w, https:\/\/stowarzyszeniedoliny.com\/wp-content\/uploads\/2024\/02\/IMG-20240208-WA0000-768x1086.jpg 768w, https:\/\/stowarzyszeniedoliny.com\/wp-content\/uploads\/2024\/02\/IMG-20240208-WA0000-1086x1536.jpg 1086w, https:\/\/stowarzyszeniedoliny.com\/wp-content\/uploads\/2024\/02\/IMG-20240208-WA0000.jpg 1448w\" sizes=\"(max-width: 724px) 100vw, 724px\" \/>\t\t\t\t\t\t\t\t\t\t\t\t\t\t\t<\/div>\n\t\t\t\t<\/div>\n\t\t\t\t\t<\/div>\n\t\t<\/div>\n\t\t\t\t\t<\/div>\n\t\t<\/section>\n\t\t\t\t<section class=\"elementor-section elementor-top-section elementor-element elementor-element-3845a6b elementor-section-boxed elementor-section-height-default elementor-section-height-default\" data-id=\"3845a6b\" data-element_type=\"section\" data-e-type=\"section\">\n\t\t\t\t\t\t<div class=\"elementor-container elementor-column-gap-default\">\n\t\t\t\t\t<div class=\"elementor-column elementor-col-100 elementor-top-column elementor-element elementor-element-f4d346d\" data-id=\"f4d346d\" data-element_type=\"column\" data-e-type=\"column\">\n\t\t\t<div class=\"elementor-widget-wrap\">\n\t\t\t\t\t\t\t<\/div>\n\t\t<\/div>\n\t\t\t\t\t<\/div>\n\t\t<\/section>\n\t\t\t\t<section class=\"elementor-section elementor-top-section elementor-element elementor-element-4cad472 elementor-section-boxed elementor-section-height-default elementor-section-height-default\" data-id=\"4cad472\" data-element_type=\"section\" data-e-type=\"section\">\n\t\t\t\t\t\t<div class=\"elementor-container elementor-column-gap-default\">\n\t\t\t\t\t<div class=\"elementor-column elementor-col-100 elementor-top-column elementor-element elementor-element-b2f7290\" data-id=\"b2f7290\" data-element_type=\"column\" data-e-type=\"column\">\n\t\t\t<div class=\"elementor-widget-wrap elementor-element-populated\">\n\t\t\t\t\t\t<div class=\"elementor-element elementor-element-c3baa18 elementor-widget elementor-widget-button\" data-id=\"c3baa18\" data-element_type=\"widget\" data-e-type=\"widget\" data-widget_type=\"button.default\">\n\t\t\t\t<div class=\"elementor-widget-container\">\n\t\t\t\t\t\t\t\t\t<div class=\"elementor-button-wrapper\">\n\t\t\t\t\t<a class=\"elementor-button elementor-button-link elementor-size-sm\" href=\"https:\/\/l.facebook.com\/l.php?u=https%3A%2F%2Fyoutu.be%2FjD1AHwh_Qo0%3Ffbclid%3DIwAR3AmSXSxfNxUMCJthSK-Bdy_vvs4b-9zLRGyN9w4FlmGd8uKWJqWpu4dF4&#038;h=AT068DrJ2wtMDpJlvtD7i6fofQfxDlKHF6n13UL24KegN3M6kQeZisMwIb3es8147rucBHej3znV29zUXGWLA9mqdL9HB1_YqmOs0BKu7BfxvRKdx8WlnTFIY4WiMNFwJg&#038;__tn__=R%5D-R&#038;c%5B0%5D=AT2taQF1UenPHyuTsovUOO7nrdrEnQf0mJ3waQ8WGNuc_R8IAfv4QOayntLqkATOF74yx_y25UaLc1vd7sdyDxs6vYqg6d97wdf4iAs5UmgZsrWwc-9hrmvQkBo20XBzVXD6hQQQ1GdshaNws3NnFHLGAlGtn8IduEbJU9zprIqi8FQpdc7DyXcHEi6ts0LnBZrG0z7rm2qEf6H-\">\n\t\t\t\t\t\t<span class=\"elementor-button-content-wrapper\">\n\t\t\t\t\t\t\t\t\t<span class=\"elementor-button-text\">Tutaj mo\u017cecie obej\u017ce\u0107 film z YouTube z zapisem naszego spotkania - Polecamy<\/span>\n\t\t\t\t\t<\/span>\n\t\t\t\t\t<\/a>\n\t\t\t\t<\/div>\n\t\t\t\t\t\t\t\t<\/div>\n\t\t\t\t<\/div>\n\t\t\t\t\t<\/div>\n\t\t<\/div>\n\t\t\t\t\t<\/div>\n\t\t<\/section>\n\t\t\t\t<\/div>\n\t\t","protected":false},"excerpt":{"rendered":"<p>Nasze nowe wydarzenie,\u00a0 panel &#8220;co robi\u0105 bobry w Dolinie Wis\u0142oki&#8221;\u00a0 zapraszamy Tutaj mo\u017cecie obej\u017ce\u0107 film z YouTube z zapisem naszego spotkania &#8211; Polecamy<\/p>\n","protected":false},"author":2,"featured_media":0,"parent":14,"menu_order":0,"comment_status":"closed","ping_status":"closed","template":"","meta":{"_monsterinsights_skip_tracking":false,"_monsterinsights_sitenote_active":false,"_monsterinsights_sitenote_note":"","_monsterinsights_sitenote_category":0,"footnotes":""},"class_list":["post-87","page","type-page","status-publish","hentry"],"aioseo_notices":[],"_links":{"self":[{"href":"https:\/\/stowarzyszeniedoliny.com\/index.php\/wp-json\/wp\/v2\/pages\/87","targetHints":{"allow":["GET"]}}],"collection":[{"href":"https:\/\/stowarzyszeniedoliny.com\/index.php\/wp-json\/wp\/v2\/pages"}],"about":[{"href":"https:\/\/stowarzyszeniedoliny.com\/index.php\/wp-json\/wp\/v2\/types\/page"}],"author":[{"embeddable":true,"href":"https:\/\/stowarzyszeniedoliny.com\/index.php\/wp-json\/wp\/v2\/users\/2"}],"replies":[{"embeddable":true,"href":"https:\/\/stowarzyszeniedoliny.com\/index.php\/wp-json\/wp\/v2\/comments?post=87"}],"version-history":[{"count":27,"href":"https:\/\/stowarzyszeniedoliny.com\/index.php\/wp-json\/wp\/v2\/pages\/87\/revisions"}],"predecessor-version":[{"id":385,"href":"https:\/\/stowarzyszeniedoliny.com\/index.php\/wp-json\/wp\/v2\/pages\/87\/revisions\/385"}],"up":[{"embeddable":true,"href":"https:\/\/stowarzyszeniedoliny.com\/index.php\/wp-json\/wp\/v2\/pages\/14"}],"wp:attachment":[{"href":"https:\/\/stowarzyszeniedoliny.com\/index.php\/wp-json\/wp\/v2\/media?parent=87"}],"curies":[{"name":"wp","href":"https:\/\/api.w.org\/{rel}","templated":true}]}}