{"id":43,"date":"2023-09-06T13:51:46","date_gmt":"2023-09-06T11:51:46","guid":{"rendered":"https:\/\/stowarzyszeniedoliny.com\/?page_id=43"},"modified":"2024-02-08T16:49:00","modified_gmt":"2024-02-08T15:49:00","slug":"deklaracja-czlonkowska","status":"publish","type":"page","link":"https:\/\/stowarzyszeniedoliny.com\/index.php\/stowarzyszenie-doliny\/deklaracja-czlonkowska\/","title":{"rendered":"Deklaracja cz\u0142onkowska"},"content":{"rendered":"\t\t<div data-elementor-type=\"wp-page\" data-elementor-id=\"43\" class=\"elementor elementor-43\">\n\t\t\t\t\t\t<section class=\"elementor-section elementor-top-section elementor-element elementor-element-622fe3f5 elementor-section-boxed elementor-section-height-default elementor-section-height-default\" data-id=\"622fe3f5\" data-element_type=\"section\" data-e-type=\"section\">\n\t\t\t\t\t\t<div class=\"elementor-container elementor-column-gap-default\">\n\t\t\t\t\t<div class=\"elementor-column elementor-col-100 elementor-top-column elementor-element elementor-element-cda2903\" data-id=\"cda2903\" data-element_type=\"column\" data-e-type=\"column\">\n\t\t\t<div class=\"elementor-widget-wrap elementor-element-populated\">\n\t\t\t\t\t\t<div class=\"elementor-element elementor-element-23563327 elementor-widget elementor-widget-text-editor\" data-id=\"23563327\" data-element_type=\"widget\" data-e-type=\"widget\" data-widget_type=\"text-editor.default\">\n\t\t\t\t<div class=\"elementor-widget-container\">\n\t\t\t\t\t\t\t\t\t<p><\/p>\n<p><\/p>\n<p class=\"has-text-align-center\"><a href=\"http:\/\/stowarzyszeniedoliny.com\/wp-content\/uploads\/2023\/09\/deklaracja-doliny.pdf\">Pobierz Deklaracj\u0119 cz\u0142onkowsk\u0105<\/a><\/p>\n<p class=\"has-text-align-center\">Wydrukuj i wy\u015blij na nasz adres<\/p>\n<p><\/p>\n<p class=\"has-text-align-center\">Stowarzyszenie Doliny<\/p>\n<p><\/p>\n<p class=\"has-text-align-center\">Radocyna 1, 38-307 S\u0119kowa<\/p>\n<p><\/p>\t\t\t\t\t\t\t\t<\/div>\n\t\t\t\t<\/div>\n\t\t\t\t\t<\/div>\n\t\t<\/div>\n\t\t\t\t\t<\/div>\n\t\t<\/section>\n\t\t\t\t<section class=\"elementor-section elementor-top-section elementor-element elementor-element-4351e30 elementor-section-boxed elementor-section-height-default elementor-section-height-default\" data-id=\"4351e30\" data-element_type=\"section\" data-e-type=\"section\">\n\t\t\t\t\t\t<div class=\"elementor-container elementor-column-gap-default\">\n\t\t\t\t\t<div class=\"elementor-column elementor-col-100 elementor-top-column elementor-element elementor-element-736f06f\" data-id=\"736f06f\" data-element_type=\"column\" data-e-type=\"column\">\n\t\t\t<div class=\"elementor-widget-wrap elementor-element-populated\">\n\t\t\t\t\t\t<div class=\"elementor-element elementor-element-af18db2 elementor-widget elementor-widget-text-editor\" data-id=\"af18db2\" data-element_type=\"widget\" data-e-type=\"widget\" data-widget_type=\"text-editor.default\">\n\t\t\t\t<div class=\"elementor-widget-container\">\n\t\t\t\t\t\t\t\t\t<p><\/p>\n<p id=\"Petycja\">B\u0119d\u0105c mieszka\u0144cami oraz mi\u0142o\u015bnikami Beskidu Niskiego, obserwujemy jak region, kt\u00f3ry kochamy si\u0119 zmienia. To naturalny proces. Coraz wi\u0119cej ludzi si\u0119 tu osiedla, tury\u015bci liczniej odwiedzaj\u0105 Beskid przyci\u0105gni\u0119ci wyj\u0105tkowym charakterem tych dolin \u2013 pustych, poprzecinanych w\u0105skimi drogami, przy kt\u00f3rych zamiast znak\u00f3w stoj\u0105 wyciosane z kamienia \u0142emkowskie krzy\u017ce i kapliczki.\u00a0<span style=\"color: var( --e-global-color-text ); font-family: var( --e-global-typography-text-font-family ), Sans-serif; font-weight: var( --e-global-typography-text-font-weight ); font-size: 1rem;\">Mamy \u015bwiadomo\u015b\u0107\u00a0zmiany, chcieliby\u015bmy jednak, aby odbywa\u0142a si\u0119 ona z poszanowaniem dziedzictwa kulturowego i\u00a0przyrodniczego, kt\u00f3re naszym zdaniem jest tu wyj\u0105tkowe.\u00a0W wyniku skomplikowanej i bolesnej\u00a0 i historii tych ziem, kt\u00f3rej cz\u0119\u015bci\u0105 by\u0142o wysiedlenie ludno\u015bci\u00a0\u0142emkowskiej po drugiej wojnie \u015bwiatowej, doliny wsi Czarne, Nieznajowa, Radocyna, D\u0142ugie i Lipna\u00a0opustosza\u0142y. Po dawnych mieszka\u0144cach przetrwa\u0142y\u00a0 jedynie \u015blady w postaci fundament\u00f3w domostw, cerkwisk, cmentarzy, studni, kapliczek, starych drzew owocowych. Z biegiem dziesi\u0119cioleci puste doliny sta\u0142y si\u0119 niezwyk\u0142\u0105 ostoj\u0105 dzikiej przyrody. Spotkacie tu\u00a0 bez wi\u0119kszego trudu tropy wilk\u00f3w, saren, jeleni, borsuk\u00f3w, ma\u0142ych gryzoni, przy odrobinie szcz\u0119\u015bcia traficie na \u015blady rysia, \u017cbika i nied\u017awiedzia. Na rozlewiskach Wis\u0142oki kr\u00f3luj\u0105 bobry, a w powietrzu ca\u0142a paleta ptak\u00f3w drapie\u017cnych od myszo\u0142ow\u00f3w, orlik\u00f3w krzykliwych, po rzadkiego or\u0142a przedniego. Pragniemy, aby Beskid Niski nie podzieli\u0142 losu, tych miejsc w Polsce, kt\u00f3re przez nieprzemy\u015blany rozw\u00f3j infrastruktury utraci\u0142y sw\u00f3j unikalny charakter, zamieniaj\u0105c si\u0119 w zbi\u00f3r popularnych atrakcji turystycznych. Zale\u017cy nam na turystyce \u015bwiadomej. Dla ludzi odwiedzaj\u0105cych Beskid Niski bardziej ni\u017c g\u00f3ry i szczyty,\u00a0wa\u017cne s\u0105 doliny. Doliny dawnych miejscowo\u015bci D\u0142ugie, Czarne, Nieznajowa, Radocyna, Lipna, le\u017c\u0105 obok siebie tworz\u0105c obszar, po kt\u00f3rym mo\u017cna odby\u0107 d\u0142u\u017csz\u0105 w\u0119dr\u00f3wk\u0119.\u00a0Niespiesznie w\u0119drowanie po\u00a0terenach wsi, kt\u00f3rych ju\u017c nie ma niesie ze sob\u0105 bardzo konkretne prze\u017cycia i refleksje. Najwi\u0119ksz\u0105 atrakcj\u0105 tych miejsc, jest brak atrakcji.<\/span><\/p>\n<p id=\"Petycja\">Nasze stowarzyszenie powsta\u0142o z inicjatywy mieszka\u0144c\u00f3w doliny Czarnego i Radocyny, tych nielicznych, kt\u00f3rzy tu s\u0105. Bezpo\u015brednim powodem by\u0142 sprzeciw wobec plan\u00f3w asfaltowania przez gmin\u0119 oraz Lasy Pa\u0144stwowe odcink\u00f3w drogi biegn\u0105cej przez dolin\u0119 Czarnego, na jesieni 2022r. Uruchomili\u015bmy w\u00f3wczas\u00a0petycj\u0119 Nie asfaltujmy Beskidu Niskiego. <a title=\"NIE dla asfaltu na drodze Jasionka-Czarne-D\u0142ugie-Radocyna\" href=\"https:\/\/www.petycjeonline.com\/nie_asfaltujmy_beskidu_niskiego_nie_dla_asfaltu_na_drodze_jasionka-czarne-dugie-radocynaa\" target=\"_blank\" rel=\"noopener\">NIE dla asfaltu na drodze Jasionka-Czarne-D\u0142ugie-Radocyna<\/a><br \/>Stowarzyszenie zawi\u0105za\u0142o si\u0119 wiosn\u0105 2023 r. Do\u0142\u0105czyli do niego nasi przyjaciele, kt\u00f3rzy od lat przyje\u017cd\u017caj\u0105 w Beskid szukaj\u0105c ciszy, wytchnienia i dobrych szlak\u00f3w rowerowych.<\/p>\n<p><\/p>\t\t\t\t\t\t\t\t<\/div>\n\t\t\t\t<\/div>\n\t\t\t\t\t<\/div>\n\t\t<\/div>\n\t\t\t\t\t<\/div>\n\t\t<\/section>\n\t\t\t\t<\/div>\n\t\t","protected":false},"excerpt":{"rendered":"<p>Pobierz Deklaracj\u0119 cz\u0142onkowsk\u0105 Wydrukuj i wy\u015blij na nasz adres Stowarzyszenie Doliny Radocyna 1, 38-307 S\u0119kowa B\u0119d\u0105c mieszka\u0144cami oraz mi\u0142o\u015bnikami Beskidu Niskiego, obserwujemy jak region, kt\u00f3ry kochamy si\u0119 zmienia. To naturalny proces. Coraz wi\u0119cej ludzi si\u0119 tu osiedla, tury\u015bci liczniej odwiedzaj\u0105 Beskid przyci\u0105gni\u0119ci wyj\u0105tkowym charakterem tych dolin \u2013 pustych, poprzecinanych w\u0105skimi drogami, przy kt\u00f3rych zamiast znak\u00f3w [&hellip;]<\/p>\n","protected":false},"author":2,"featured_media":0,"parent":14,"menu_order":0,"comment_status":"closed","ping_status":"closed","template":"","meta":{"_monsterinsights_skip_tracking":false,"_monsterinsights_sitenote_active":false,"_monsterinsights_sitenote_note":"","_monsterinsights_sitenote_category":0,"footnotes":""},"class_list":["post-43","page","type-page","status-publish","hentry"],"aioseo_notices":[],"_links":{"self":[{"href":"https:\/\/stowarzyszeniedoliny.com\/index.php\/wp-json\/wp\/v2\/pages\/43","targetHints":{"allow":["GET"]}}],"collection":[{"href":"https:\/\/stowarzyszeniedoliny.com\/index.php\/wp-json\/wp\/v2\/pages"}],"about":[{"href":"https:\/\/stowarzyszeniedoliny.com\/index.php\/wp-json\/wp\/v2\/types\/page"}],"author":[{"embeddable":true,"href":"https:\/\/stowarzyszeniedoliny.com\/index.php\/wp-json\/wp\/v2\/users\/2"}],"replies":[{"embeddable":true,"href":"https:\/\/stowarzyszeniedoliny.com\/index.php\/wp-json\/wp\/v2\/comments?post=43"}],"version-history":[{"count":23,"href":"https:\/\/stowarzyszeniedoliny.com\/index.php\/wp-json\/wp\/v2\/pages\/43\/revisions"}],"predecessor-version":[{"id":318,"href":"https:\/\/stowarzyszeniedoliny.com\/index.php\/wp-json\/wp\/v2\/pages\/43\/revisions\/318"}],"up":[{"embeddable":true,"href":"https:\/\/stowarzyszeniedoliny.com\/index.php\/wp-json\/wp\/v2\/pages\/14"}],"wp:attachment":[{"href":"https:\/\/stowarzyszeniedoliny.com\/index.php\/wp-json\/wp\/v2\/media?parent=43"}],"curies":[{"name":"wp","href":"https:\/\/api.w.org\/{rel}","templated":true}]}}